{"id":560,"date":"2022-06-03T08:53:38","date_gmt":"2022-06-03T08:53:38","guid":{"rendered":"https:\/\/apaliceovalencia.com\/junta\/"},"modified":"2025-10-20T07:23:01","modified_gmt":"2025-10-20T07:23:01","slug":"junta","status":"publish","type":"page","link":"https:\/\/apaliceovalencia.com\/fr\/junta\/","title":{"rendered":"Bureau directeur"},"content":{"rendered":"<p>Les membres du Bureau directeur sont \u00e9lus tous les trois ans par l&rsquo;ensemble des adh\u00e9rents. Ils d\u00e9cident les projets que les diff\u00e9rentes commissions de l&rsquo;Association d\u00e9velopperont. Lors de l&rsquo;Assembl\u00e9e G\u00e9n\u00e9rale de d\u00e9cembre 2023, un nouveau bureau directeur a \u00e9t\u00e9 \u00e9lu. Voici sa composition:<\/p>\n<h2>Pr\u00e9sidente<\/h2>\n<p>Conchi Mascarell<\/p>\n<h2>Vicepr\u00e9sidente<\/h2>\n<p>Sandrine Connan<\/p>\n<h2>Secr\u00e9taire<\/h2>\n<p>Rebecca Lorenzo<\/p>\n<h2>Tr\u00e9sorier<\/h2>\n<p>Jos\u00e9 Sancho<\/p>\n<h2>Vocaux<\/h2>\n<p>Pilar G\u00f3mez, Isabel Garc\u00eda de Ossa, M\u00f3nica Crespo, M\u00aa Jos\u00e9 Ferrer, Kety Balibrea, M\u00aa Jos\u00e9 Palencia, Diana Revenga, M\u00e9lanie Nathou, Christophe Moure, Rosana Giner, Noemi Laina.<\/p>\n<p>L&rsquo;Association de Parents d&rsquo;\u00c9l\u00e8ves du Lyc\u00e9e Fran\u00e7ais de Valence est r\u00e9gie par ces statuts, disponibles par t\u00e9l\u00e9chargement.<\/p>\n","protected":false},"excerpt":{"rendered":"<p>Les membres du Bureau directeur sont \u00e9lus tous les trois ans par l&rsquo;ensemble des adh\u00e9rents. Ils d\u00e9cident les projets que les diff\u00e9rentes commissions de l&rsquo;Association d\u00e9velopperont. Lors de l&rsquo;Assembl\u00e9e G\u00e9n\u00e9rale [&hellip;]<\/p>\n","protected":false},"author":1,"featured_media":0,"parent":0,"menu_order":0,"comment_status":"closed","ping_status":"closed","template":"page_img-izqda-texto-derecha.php","meta":{"_acf_changed":false,"_et_pb_use_builder":"off","_et_pb_old_content":"","_et_gb_content_width":"","footnotes":""},"class_list":["post-560","page","type-page","status-publish","hentry"],"acf":[],"yoast_head":"<!-- This site is optimized with the Yoast SEO plugin v27.1.1 - https:\/\/yoast.com\/product\/yoast-seo-wordpress\/ -->\n<title>Bureau directeur - APAE Liceo Franc\u00e9s Val\u00e8ncia<\/title>\n<meta name=\"robots\" content=\"index, follow, max-snippet:-1, max-image-preview:large, max-video-preview:-1\" \/>\n<link rel=\"canonical\" href=\"https:\/\/apaliceovalencia.com\/fr\/junta\/\" \/>\n<meta property=\"og:locale\" content=\"fr_FR\" \/>\n<meta property=\"og:type\" content=\"article\" \/>\n<meta property=\"og:title\" content=\"Bureau directeur - APAE Liceo Franc\u00e9s Val\u00e8ncia\" \/>\n<meta property=\"og:description\" content=\"Les membres du Bureau directeur sont \u00e9lus tous les trois ans par l&rsquo;ensemble des adh\u00e9rents. Ils d\u00e9cident les projets que les diff\u00e9rentes commissions de l&rsquo;Association d\u00e9velopperont. Lors de l&rsquo;Assembl\u00e9e G\u00e9n\u00e9rale [&hellip;]\" \/>\n<meta property=\"og:url\" content=\"https:\/\/apaliceovalencia.com\/fr\/junta\/\" \/>\n<meta property=\"og:site_name\" content=\"APAE Liceo Franc\u00e9s Val\u00e8ncia\" \/>\n<meta property=\"article:modified_time\" content=\"2025-10-20T07:23:01+00:00\" \/>\n<meta name=\"twitter:card\" content=\"summary_large_image\" \/>\n<meta name=\"twitter:label1\" content=\"Dur\u00e9e de lecture estim\u00e9e\" \/>\n\t<meta name=\"twitter:data1\" content=\"1 minute\" \/>\n<script type=\"application\/ld+json\" class=\"yoast-schema-graph\">{\"@context\":\"https:\/\/schema.org\",\"@graph\":[{\"@type\":\"WebPage\",\"@id\":\"https:\/\/apaliceovalencia.com\/fr\/junta\/\",\"url\":\"https:\/\/apaliceovalencia.com\/fr\/junta\/\",\"name\":\"Bureau directeur - APAE Liceo Franc\u00e9s Val\u00e8ncia\",\"isPartOf\":{\"@id\":\"https:\/\/apaliceovalencia.com\/fr\/#website\"},\"datePublished\":\"2022-06-03T08:53:38+00:00\",\"dateModified\":\"2025-10-20T07:23:01+00:00\",\"breadcrumb\":{\"@id\":\"https:\/\/apaliceovalencia.com\/fr\/junta\/#breadcrumb\"},\"inLanguage\":\"fr-FR\",\"potentialAction\":[{\"@type\":\"ReadAction\",\"target\":[\"https:\/\/apaliceovalencia.com\/fr\/junta\/\"]}]},{\"@type\":\"BreadcrumbList\",\"@id\":\"https:\/\/apaliceovalencia.com\/fr\/junta\/#breadcrumb\",\"itemListElement\":[{\"@type\":\"ListItem\",\"position\":1,\"name\":\"Home\",\"item\":\"https:\/\/apaliceovalencia.com\/fr\/\"},{\"@type\":\"ListItem\",\"position\":2,\"name\":\"Bureau directeur\"}]},{\"@type\":\"WebSite\",\"@id\":\"https:\/\/apaliceovalencia.com\/fr\/#website\",\"url\":\"https:\/\/apaliceovalencia.com\/fr\/\",\"name\":\"APAE Liceo Franc\u00e9s Val\u00e8ncia\",\"description\":\"Asocaci\u00f3n de padres de alumnos Lyc\u00e9e Fran\u00e7ais de Val\u00e8ncia\",\"potentialAction\":[{\"@type\":\"SearchAction\",\"target\":{\"@type\":\"EntryPoint\",\"urlTemplate\":\"https:\/\/apaliceovalencia.com\/fr\/?s={search_term_string}\"},\"query-input\":{\"@type\":\"PropertyValueSpecification\",\"valueRequired\":true,\"valueName\":\"search_term_string\"}}],\"inLanguage\":\"fr-FR\"}]}<\/script>\n<!-- \/ Yoast SEO plugin. -->","yoast_head_json":{"title":"Bureau directeur - APAE Liceo Franc\u00e9s Val\u00e8ncia","robots":{"index":"index","follow":"follow","max-snippet":"max-snippet:-1","max-image-preview":"max-image-preview:large","max-video-preview":"max-video-preview:-1"},"canonical":"https:\/\/apaliceovalencia.com\/fr\/junta\/","og_locale":"fr_FR","og_type":"article","og_title":"Bureau directeur - APAE Liceo Franc\u00e9s Val\u00e8ncia","og_description":"Les membres du Bureau directeur sont \u00e9lus tous les trois ans par l&rsquo;ensemble des adh\u00e9rents. Ils d\u00e9cident les projets que les diff\u00e9rentes commissions de l&rsquo;Association d\u00e9velopperont. Lors de l&rsquo;Assembl\u00e9e G\u00e9n\u00e9rale [&hellip;]","og_url":"https:\/\/apaliceovalencia.com\/fr\/junta\/","og_site_name":"APAE Liceo Franc\u00e9s Val\u00e8ncia","article_modified_time":"2025-10-20T07:23:01+00:00","twitter_card":"summary_large_image","twitter_misc":{"Dur\u00e9e de lecture estim\u00e9e":"1 minute"},"schema":{"@context":"https:\/\/schema.org","@graph":[{"@type":"WebPage","@id":"https:\/\/apaliceovalencia.com\/fr\/junta\/","url":"https:\/\/apaliceovalencia.com\/fr\/junta\/","name":"Bureau directeur - APAE Liceo Franc\u00e9s Val\u00e8ncia","isPartOf":{"@id":"https:\/\/apaliceovalencia.com\/fr\/#website"},"datePublished":"2022-06-03T08:53:38+00:00","dateModified":"2025-10-20T07:23:01+00:00","breadcrumb":{"@id":"https:\/\/apaliceovalencia.com\/fr\/junta\/#breadcrumb"},"inLanguage":"fr-FR","potentialAction":[{"@type":"ReadAction","target":["https:\/\/apaliceovalencia.com\/fr\/junta\/"]}]},{"@type":"BreadcrumbList","@id":"https:\/\/apaliceovalencia.com\/fr\/junta\/#breadcrumb","itemListElement":[{"@type":"ListItem","position":1,"name":"Home","item":"https:\/\/apaliceovalencia.com\/fr\/"},{"@type":"ListItem","position":2,"name":"Bureau directeur"}]},{"@type":"WebSite","@id":"https:\/\/apaliceovalencia.com\/fr\/#website","url":"https:\/\/apaliceovalencia.com\/fr\/","name":"APAE Liceo Franc\u00e9s Val\u00e8ncia","description":"Asocaci\u00f3n de padres de alumnos Lyc\u00e9e Fran\u00e7ais de Val\u00e8ncia","potentialAction":[{"@type":"SearchAction","target":{"@type":"EntryPoint","urlTemplate":"https:\/\/apaliceovalencia.com\/fr\/?s={search_term_string}"},"query-input":{"@type":"PropertyValueSpecification","valueRequired":true,"valueName":"search_term_string"}}],"inLanguage":"fr-FR"}]}},"_links":{"self":[{"href":"https:\/\/apaliceovalencia.com\/fr\/wp-json\/wp\/v2\/pages\/560","targetHints":{"allow":["GET"]}}],"collection":[{"href":"https:\/\/apaliceovalencia.com\/fr\/wp-json\/wp\/v2\/pages"}],"about":[{"href":"https:\/\/apaliceovalencia.com\/fr\/wp-json\/wp\/v2\/types\/page"}],"author":[{"embeddable":true,"href":"https:\/\/apaliceovalencia.com\/fr\/wp-json\/wp\/v2\/users\/1"}],"replies":[{"embeddable":true,"href":"https:\/\/apaliceovalencia.com\/fr\/wp-json\/wp\/v2\/comments?post=560"}],"version-history":[{"count":11,"href":"https:\/\/apaliceovalencia.com\/fr\/wp-json\/wp\/v2\/pages\/560\/revisions"}],"predecessor-version":[{"id":12041,"href":"https:\/\/apaliceovalencia.com\/fr\/wp-json\/wp\/v2\/pages\/560\/revisions\/12041"}],"wp:attachment":[{"href":"https:\/\/apaliceovalencia.com\/fr\/wp-json\/wp\/v2\/media?parent=560"}],"curies":[{"name":"wp","href":"https:\/\/api.w.org\/{rel}","templated":true}]}}