{"id":594,"date":"2022-06-16T14:38:55","date_gmt":"2022-06-16T14:38:55","guid":{"rendered":"https:\/\/apaliceovalencia.com\/representantes-padres-madres\/"},"modified":"2025-11-04T08:35:44","modified_gmt":"2025-11-04T08:35:44","slug":"representantes-padres-madres","status":"publish","type":"page","link":"https:\/\/apaliceovalencia.com\/fr\/representantes-padres-madres\/","title":{"rendered":"Repr\u00e9sentants des parents"},"content":{"rendered":"<p>Tous les ans, quelques jours apr\u00e8s la rentr\u00e9e, la Direction du Lyc\u00e9e met en place les \u00e9lections des repr\u00e9sentants des Parents d&rsquo;El\u00e8ves au <a href=\"https:\/\/apaliceovalencia.com\/wp-content\/uploads\/2023\/09\/Role-du-Conseil-decole.pdf\" target=\"_blank\" rel=\"noopener\">Conseil d&rsquo;\u00c9cole<\/a> et au <a href=\"https:\/\/apaliceovalencia.com\/wp-content\/uploads\/2023\/09\/Role-du-Conseil-dEtablissement.pdf\" target=\"_blank\" rel=\"noopener\">Conseil d\u2019\u00c9tablissement<\/a>.<\/p>\n<p>Chaque parent ou tuteur, avec autorit\u00e9 parentale attest\u00e9e, est \u00e9lecteur et \u00e9ligible. Si vous \u00eates parent d\u2019\u00e9l\u00e8ves, ou tuteur avec autorit\u00e9 parentale attest\u00e9e, dans le 1er degr\u00e9 ou si vous avez des enfants dans le 1er et le 2nd degr\u00e9, vous voterez<strong> \u00e0 la fois pour le conseil d\u2019\u00e9cole et pour le conseil d\u2019\u00e9tablissement<\/strong>. Si vous \u00eates parent d\u2019\u00e9l\u00e8ves, ou tuteur avec autorit\u00e9 parentale attest\u00e9e, dans le 2nd degr\u00e9, vous voterez <strong>uniquement pour le conseil d\u2019\u00e9tablissement.<\/strong><\/p>\n<p>Chaque \u00e9lecteur dispose d\u2019une seule voix quel que soit le nombre d\u2019enfants inscrits dans le m\u00eame \u00e9tablissement. Le nombre d\u2019\u00e9lecteurs ne peut exc\u00e9der deux par famille. Les listes de candidatures peuvent comporter au plus un nombre \u00e9gal au double du nombre des si\u00e8ges \u00e0 pourvoir (5 si\u00e8ges donc 10 noms). Ce nombre ne peut \u00eatre inf\u00e9rieur \u00e0 deux noms. Les candidats sont inscrits sans mention de qualit\u00e9 de titulaires ou de suppl\u00e9ants. Seules les listes qui pr\u00e9sentent des candidats de parents d\u2019\u00e9l\u00e8ves du premier et du second degr\u00e9 sont recevables.<\/p>\n<p>Nombre de si\u00e8ges \u00e0 pourvoir :<br \/>\n&#8211; Conseil d&rsquo;\u00c9tablissement : 5 titulaires et 5 suppl\u00e9ants<br \/>\n&#8211; Conseil d&rsquo;\u00c9cole : 15 titulaires et 15 suppl\u00e9ants.<\/p>\n","protected":false},"excerpt":{"rendered":"<p>Tous les ans, quelques jours apr\u00e8s la rentr\u00e9e, la Direction du Lyc\u00e9e met en place les \u00e9lections des repr\u00e9sentants des Parents d&rsquo;El\u00e8ves au Conseil d&rsquo;\u00c9cole et au Conseil d\u2019\u00c9tablissement. Chaque [&hellip;]<\/p>\n","protected":false},"author":1,"featured_media":0,"parent":0,"menu_order":0,"comment_status":"closed","ping_status":"closed","template":"page_img-izqda-texto-derecha.php","meta":{"_acf_changed":false,"_et_pb_use_builder":"off","_et_pb_old_content":"","_et_gb_content_width":"","footnotes":""},"class_list":["post-594","page","type-page","status-publish","hentry"],"acf":[],"yoast_head":"<!-- This site is optimized with the Yoast SEO plugin v27.1.1 - https:\/\/yoast.com\/product\/yoast-seo-wordpress\/ -->\n<title>Repr\u00e9sentants des parents - APAE Liceo Franc\u00e9s Val\u00e8ncia<\/title>\n<meta name=\"robots\" content=\"index, follow, max-snippet:-1, max-image-preview:large, max-video-preview:-1\" \/>\n<link rel=\"canonical\" href=\"https:\/\/apaliceovalencia.com\/fr\/representantes-padres-madres\/\" \/>\n<meta property=\"og:locale\" content=\"fr_FR\" \/>\n<meta property=\"og:type\" content=\"article\" \/>\n<meta property=\"og:title\" content=\"Repr\u00e9sentants des parents - APAE Liceo Franc\u00e9s Val\u00e8ncia\" \/>\n<meta property=\"og:description\" content=\"Tous les ans, quelques jours apr\u00e8s la rentr\u00e9e, la Direction du Lyc\u00e9e met en place les \u00e9lections des repr\u00e9sentants des Parents d&rsquo;El\u00e8ves au Conseil d&rsquo;\u00c9cole et au Conseil d\u2019\u00c9tablissement. Chaque [&hellip;]\" \/>\n<meta property=\"og:url\" content=\"https:\/\/apaliceovalencia.com\/fr\/representantes-padres-madres\/\" \/>\n<meta property=\"og:site_name\" content=\"APAE Liceo Franc\u00e9s Val\u00e8ncia\" \/>\n<meta property=\"article:modified_time\" content=\"2025-11-04T08:35:44+00:00\" \/>\n<meta name=\"twitter:card\" content=\"summary_large_image\" \/>\n<meta name=\"twitter:label1\" content=\"Dur\u00e9e de lecture estim\u00e9e\" \/>\n\t<meta name=\"twitter:data1\" content=\"1 minute\" \/>\n<script type=\"application\/ld+json\" class=\"yoast-schema-graph\">{\"@context\":\"https:\/\/schema.org\",\"@graph\":[{\"@type\":\"WebPage\",\"@id\":\"https:\/\/apaliceovalencia.com\/fr\/representantes-padres-madres\/\",\"url\":\"https:\/\/apaliceovalencia.com\/fr\/representantes-padres-madres\/\",\"name\":\"Repr\u00e9sentants des parents - APAE Liceo Franc\u00e9s Val\u00e8ncia\",\"isPartOf\":{\"@id\":\"https:\/\/apaliceovalencia.com\/fr\/#website\"},\"datePublished\":\"2022-06-16T14:38:55+00:00\",\"dateModified\":\"2025-11-04T08:35:44+00:00\",\"breadcrumb\":{\"@id\":\"https:\/\/apaliceovalencia.com\/fr\/representantes-padres-madres\/#breadcrumb\"},\"inLanguage\":\"fr-FR\",\"potentialAction\":[{\"@type\":\"ReadAction\",\"target\":[\"https:\/\/apaliceovalencia.com\/fr\/representantes-padres-madres\/\"]}]},{\"@type\":\"BreadcrumbList\",\"@id\":\"https:\/\/apaliceovalencia.com\/fr\/representantes-padres-madres\/#breadcrumb\",\"itemListElement\":[{\"@type\":\"ListItem\",\"position\":1,\"name\":\"Home\",\"item\":\"https:\/\/apaliceovalencia.com\/fr\/\"},{\"@type\":\"ListItem\",\"position\":2,\"name\":\"Repr\u00e9sentants des parents\"}]},{\"@type\":\"WebSite\",\"@id\":\"https:\/\/apaliceovalencia.com\/fr\/#website\",\"url\":\"https:\/\/apaliceovalencia.com\/fr\/\",\"name\":\"APAE Liceo Franc\u00e9s Val\u00e8ncia\",\"description\":\"Asocaci\u00f3n de padres de alumnos Lyc\u00e9e Fran\u00e7ais de Val\u00e8ncia\",\"potentialAction\":[{\"@type\":\"SearchAction\",\"target\":{\"@type\":\"EntryPoint\",\"urlTemplate\":\"https:\/\/apaliceovalencia.com\/fr\/?s={search_term_string}\"},\"query-input\":{\"@type\":\"PropertyValueSpecification\",\"valueRequired\":true,\"valueName\":\"search_term_string\"}}],\"inLanguage\":\"fr-FR\"}]}<\/script>\n<!-- \/ Yoast SEO plugin. -->","yoast_head_json":{"title":"Repr\u00e9sentants des parents - APAE Liceo Franc\u00e9s Val\u00e8ncia","robots":{"index":"index","follow":"follow","max-snippet":"max-snippet:-1","max-image-preview":"max-image-preview:large","max-video-preview":"max-video-preview:-1"},"canonical":"https:\/\/apaliceovalencia.com\/fr\/representantes-padres-madres\/","og_locale":"fr_FR","og_type":"article","og_title":"Repr\u00e9sentants des parents - APAE Liceo Franc\u00e9s Val\u00e8ncia","og_description":"Tous les ans, quelques jours apr\u00e8s la rentr\u00e9e, la Direction du Lyc\u00e9e met en place les \u00e9lections des repr\u00e9sentants des Parents d&rsquo;El\u00e8ves au Conseil d&rsquo;\u00c9cole et au Conseil d\u2019\u00c9tablissement. Chaque [&hellip;]","og_url":"https:\/\/apaliceovalencia.com\/fr\/representantes-padres-madres\/","og_site_name":"APAE Liceo Franc\u00e9s Val\u00e8ncia","article_modified_time":"2025-11-04T08:35:44+00:00","twitter_card":"summary_large_image","twitter_misc":{"Dur\u00e9e de lecture estim\u00e9e":"1 minute"},"schema":{"@context":"https:\/\/schema.org","@graph":[{"@type":"WebPage","@id":"https:\/\/apaliceovalencia.com\/fr\/representantes-padres-madres\/","url":"https:\/\/apaliceovalencia.com\/fr\/representantes-padres-madres\/","name":"Repr\u00e9sentants des parents - APAE Liceo Franc\u00e9s Val\u00e8ncia","isPartOf":{"@id":"https:\/\/apaliceovalencia.com\/fr\/#website"},"datePublished":"2022-06-16T14:38:55+00:00","dateModified":"2025-11-04T08:35:44+00:00","breadcrumb":{"@id":"https:\/\/apaliceovalencia.com\/fr\/representantes-padres-madres\/#breadcrumb"},"inLanguage":"fr-FR","potentialAction":[{"@type":"ReadAction","target":["https:\/\/apaliceovalencia.com\/fr\/representantes-padres-madres\/"]}]},{"@type":"BreadcrumbList","@id":"https:\/\/apaliceovalencia.com\/fr\/representantes-padres-madres\/#breadcrumb","itemListElement":[{"@type":"ListItem","position":1,"name":"Home","item":"https:\/\/apaliceovalencia.com\/fr\/"},{"@type":"ListItem","position":2,"name":"Repr\u00e9sentants des parents"}]},{"@type":"WebSite","@id":"https:\/\/apaliceovalencia.com\/fr\/#website","url":"https:\/\/apaliceovalencia.com\/fr\/","name":"APAE Liceo Franc\u00e9s Val\u00e8ncia","description":"Asocaci\u00f3n de padres de alumnos Lyc\u00e9e Fran\u00e7ais de Val\u00e8ncia","potentialAction":[{"@type":"SearchAction","target":{"@type":"EntryPoint","urlTemplate":"https:\/\/apaliceovalencia.com\/fr\/?s={search_term_string}"},"query-input":{"@type":"PropertyValueSpecification","valueRequired":true,"valueName":"search_term_string"}}],"inLanguage":"fr-FR"}]}},"_links":{"self":[{"href":"https:\/\/apaliceovalencia.com\/fr\/wp-json\/wp\/v2\/pages\/594","targetHints":{"allow":["GET"]}}],"collection":[{"href":"https:\/\/apaliceovalencia.com\/fr\/wp-json\/wp\/v2\/pages"}],"about":[{"href":"https:\/\/apaliceovalencia.com\/fr\/wp-json\/wp\/v2\/types\/page"}],"author":[{"embeddable":true,"href":"https:\/\/apaliceovalencia.com\/fr\/wp-json\/wp\/v2\/users\/1"}],"replies":[{"embeddable":true,"href":"https:\/\/apaliceovalencia.com\/fr\/wp-json\/wp\/v2\/comments?post=594"}],"version-history":[{"count":10,"href":"https:\/\/apaliceovalencia.com\/fr\/wp-json\/wp\/v2\/pages\/594\/revisions"}],"predecessor-version":[{"id":12092,"href":"https:\/\/apaliceovalencia.com\/fr\/wp-json\/wp\/v2\/pages\/594\/revisions\/12092"}],"wp:attachment":[{"href":"https:\/\/apaliceovalencia.com\/fr\/wp-json\/wp\/v2\/media?parent=594"}],"curies":[{"name":"wp","href":"https:\/\/api.w.org\/{rel}","templated":true}]}}