{"id":802,"date":"2022-06-03T08:54:17","date_gmt":"2022-06-03T08:54:17","guid":{"rendered":"https:\/\/apaliceovalencia.com\/asambleas\/"},"modified":"2024-12-29T17:30:23","modified_gmt":"2024-12-29T17:30:23","slug":"asambleas","status":"publish","type":"page","link":"https:\/\/apaliceovalencia.com\/fr\/asambleas\/","title":{"rendered":"Assembl\u00e9es"},"content":{"rendered":"<p>Selon les statuts, l&rsquo;Assembl\u00e9e G\u00e9n\u00e9rale Ordinaire devra se r\u00e9unir au moins une fois par an et sera comp\u00e9tente pour tra\u00eeter les sujets suivants :<br \/>\na) Approuver le travail et les actions men\u00e9es par l&rsquo;Association.<br \/>\nb) Approuver tous les ans les comptes de l&rsquo;Association.<br \/>\nc) Effectuer l&rsquo;\u00e9lection du nouveau Bureau Directeur le moment venu.<br \/>\nd) D\u00e9cider les questions soumises au vote par le Bureau Directeur ou le\/a Pr\u00e9sident\/e.<\/p>\n<p>Les accords de l&rsquo;Assembl\u00e9e seront approuv\u00e9s par majorit\u00e9 simple des adh\u00e9rents pr\u00e9sents (ou repr\u00e9sent\u00e9s), qui s&rsquo;obtient lorsque les votes positifs sont sup\u00e9rieurs aux n\u00e9gatifs.<\/p>\n<ul>\n<li><a href=\"https:\/\/apaliceovalencia.com\/wp-content\/uploads\/2023\/11\/AG-2023-1.pdf\" target=\"_blank\" rel=\"noopener\">CR de l&rsquo;Assembl\u00e9e tenue en 2023<\/a><\/li>\n<li><a href=\"https:\/\/apaliceovalencia.com\/wp-content\/uploads\/2023\/10\/Acta-AG-2022.pdf\" target=\"_blank\" rel=\"noopener\">CR de l&rsquo;Assembl\u00e9e tenue en 2022<\/a><\/li>\n<li><a href=\"\/wp-content\/uploads\/2022\/07\/APA_Acta_AG_2021-comprimido.pdf\" target=\"_blank\" rel=\"noopener\">CR de l&rsquo;Assembl\u00e9e tenue en 2021<\/a><\/li>\n<li><a href=\"\/wp-content\/uploads\/2022\/07\/APA_Acta_AG_2021-comprimido.pdf\" target=\"_blank\" rel=\"noopener\">CR de l&rsquo;Assembl\u00e9e tenue en 2020<\/a><\/li>\n<li><a href=\"\/wp-content\/uploads\/2022\/07\/Acta_AG_ordinaria_17_dic_2019-comprimido.pdf\" target=\"_blank\" rel=\"noopener\">CR de l&rsquo;Assembl\u00e9e tenue en 2019<\/a><\/li>\n<\/ul>\n<p>Bilan de l&rsquo;activit\u00e9 pr\u00e9sent\u00e9 par le Bureau Directeur lors de l&rsquo;Assembl\u00e9e G\u00e9n\u00e9rale Ordinaire du 10 de novembre 2023 <a href=\"https:\/\/apaliceovalencia.com\/wp-content\/uploads\/2023\/11\/4.-APAE-BALANCE-ACTIVIDAD-2022-23.pdf\" target=\"_blank\" rel=\"noopener\">ici<\/a><\/p>\n","protected":false},"excerpt":{"rendered":"<p>Selon les statuts, l&rsquo;Assembl\u00e9e G\u00e9n\u00e9rale Ordinaire devra se r\u00e9unir au moins une fois par an et sera comp\u00e9tente pour tra\u00eeter les sujets suivants : a) Approuver le travail et les [&hellip;]<\/p>\n","protected":false},"author":1,"featured_media":0,"parent":0,"menu_order":0,"comment_status":"closed","ping_status":"closed","template":"page_img-izqda-texto-derecha.php","meta":{"_acf_changed":false,"_et_pb_use_builder":"","_et_pb_old_content":"","_et_gb_content_width":"","footnotes":""},"class_list":["post-802","page","type-page","status-publish","hentry"],"acf":[],"yoast_head":"<!-- This site is optimized with the Yoast SEO plugin v27.1.1 - https:\/\/yoast.com\/product\/yoast-seo-wordpress\/ -->\n<title>Assembl\u00e9es - APAE Liceo Franc\u00e9s Val\u00e8ncia<\/title>\n<meta name=\"robots\" content=\"index, follow, max-snippet:-1, max-image-preview:large, max-video-preview:-1\" \/>\n<link rel=\"canonical\" href=\"https:\/\/apaliceovalencia.com\/fr\/asambleas\/\" \/>\n<meta property=\"og:locale\" content=\"fr_FR\" \/>\n<meta property=\"og:type\" content=\"article\" \/>\n<meta property=\"og:title\" content=\"Assembl\u00e9es - APAE Liceo Franc\u00e9s Val\u00e8ncia\" \/>\n<meta property=\"og:description\" content=\"Selon les statuts, l&rsquo;Assembl\u00e9e G\u00e9n\u00e9rale Ordinaire devra se r\u00e9unir au moins une fois par an et sera comp\u00e9tente pour tra\u00eeter les sujets suivants : a) Approuver le travail et les [&hellip;]\" \/>\n<meta property=\"og:url\" content=\"https:\/\/apaliceovalencia.com\/fr\/asambleas\/\" \/>\n<meta property=\"og:site_name\" content=\"APAE Liceo Franc\u00e9s Val\u00e8ncia\" \/>\n<meta property=\"article:modified_time\" content=\"2024-12-29T17:30:23+00:00\" \/>\n<meta name=\"twitter:card\" content=\"summary_large_image\" \/>\n<meta name=\"twitter:label1\" content=\"Dur\u00e9e de lecture estim\u00e9e\" \/>\n\t<meta name=\"twitter:data1\" content=\"1 minute\" \/>\n<script type=\"application\/ld+json\" class=\"yoast-schema-graph\">{\"@context\":\"https:\/\/schema.org\",\"@graph\":[{\"@type\":\"WebPage\",\"@id\":\"https:\/\/apaliceovalencia.com\/fr\/asambleas\/\",\"url\":\"https:\/\/apaliceovalencia.com\/fr\/asambleas\/\",\"name\":\"Assembl\u00e9es - APAE Liceo Franc\u00e9s Val\u00e8ncia\",\"isPartOf\":{\"@id\":\"https:\/\/apaliceovalencia.com\/fr\/#website\"},\"datePublished\":\"2022-06-03T08:54:17+00:00\",\"dateModified\":\"2024-12-29T17:30:23+00:00\",\"breadcrumb\":{\"@id\":\"https:\/\/apaliceovalencia.com\/fr\/asambleas\/#breadcrumb\"},\"inLanguage\":\"fr-FR\",\"potentialAction\":[{\"@type\":\"ReadAction\",\"target\":[\"https:\/\/apaliceovalencia.com\/fr\/asambleas\/\"]}]},{\"@type\":\"BreadcrumbList\",\"@id\":\"https:\/\/apaliceovalencia.com\/fr\/asambleas\/#breadcrumb\",\"itemListElement\":[{\"@type\":\"ListItem\",\"position\":1,\"name\":\"Home\",\"item\":\"https:\/\/apaliceovalencia.com\/fr\/\"},{\"@type\":\"ListItem\",\"position\":2,\"name\":\"Assembl\u00e9es\"}]},{\"@type\":\"WebSite\",\"@id\":\"https:\/\/apaliceovalencia.com\/fr\/#website\",\"url\":\"https:\/\/apaliceovalencia.com\/fr\/\",\"name\":\"APAE Liceo Franc\u00e9s Val\u00e8ncia\",\"description\":\"Asocaci\u00f3n de padres de alumnos Lyc\u00e9e Fran\u00e7ais de Val\u00e8ncia\",\"potentialAction\":[{\"@type\":\"SearchAction\",\"target\":{\"@type\":\"EntryPoint\",\"urlTemplate\":\"https:\/\/apaliceovalencia.com\/fr\/?s={search_term_string}\"},\"query-input\":{\"@type\":\"PropertyValueSpecification\",\"valueRequired\":true,\"valueName\":\"search_term_string\"}}],\"inLanguage\":\"fr-FR\"}]}<\/script>\n<!-- \/ Yoast SEO plugin. -->","yoast_head_json":{"title":"Assembl\u00e9es - APAE Liceo Franc\u00e9s Val\u00e8ncia","robots":{"index":"index","follow":"follow","max-snippet":"max-snippet:-1","max-image-preview":"max-image-preview:large","max-video-preview":"max-video-preview:-1"},"canonical":"https:\/\/apaliceovalencia.com\/fr\/asambleas\/","og_locale":"fr_FR","og_type":"article","og_title":"Assembl\u00e9es - APAE Liceo Franc\u00e9s Val\u00e8ncia","og_description":"Selon les statuts, l&rsquo;Assembl\u00e9e G\u00e9n\u00e9rale Ordinaire devra se r\u00e9unir au moins une fois par an et sera comp\u00e9tente pour tra\u00eeter les sujets suivants : a) Approuver le travail et les [&hellip;]","og_url":"https:\/\/apaliceovalencia.com\/fr\/asambleas\/","og_site_name":"APAE Liceo Franc\u00e9s Val\u00e8ncia","article_modified_time":"2024-12-29T17:30:23+00:00","twitter_card":"summary_large_image","twitter_misc":{"Dur\u00e9e de lecture estim\u00e9e":"1 minute"},"schema":{"@context":"https:\/\/schema.org","@graph":[{"@type":"WebPage","@id":"https:\/\/apaliceovalencia.com\/fr\/asambleas\/","url":"https:\/\/apaliceovalencia.com\/fr\/asambleas\/","name":"Assembl\u00e9es - APAE Liceo Franc\u00e9s Val\u00e8ncia","isPartOf":{"@id":"https:\/\/apaliceovalencia.com\/fr\/#website"},"datePublished":"2022-06-03T08:54:17+00:00","dateModified":"2024-12-29T17:30:23+00:00","breadcrumb":{"@id":"https:\/\/apaliceovalencia.com\/fr\/asambleas\/#breadcrumb"},"inLanguage":"fr-FR","potentialAction":[{"@type":"ReadAction","target":["https:\/\/apaliceovalencia.com\/fr\/asambleas\/"]}]},{"@type":"BreadcrumbList","@id":"https:\/\/apaliceovalencia.com\/fr\/asambleas\/#breadcrumb","itemListElement":[{"@type":"ListItem","position":1,"name":"Home","item":"https:\/\/apaliceovalencia.com\/fr\/"},{"@type":"ListItem","position":2,"name":"Assembl\u00e9es"}]},{"@type":"WebSite","@id":"https:\/\/apaliceovalencia.com\/fr\/#website","url":"https:\/\/apaliceovalencia.com\/fr\/","name":"APAE Liceo Franc\u00e9s Val\u00e8ncia","description":"Asocaci\u00f3n de padres de alumnos Lyc\u00e9e Fran\u00e7ais de Val\u00e8ncia","potentialAction":[{"@type":"SearchAction","target":{"@type":"EntryPoint","urlTemplate":"https:\/\/apaliceovalencia.com\/fr\/?s={search_term_string}"},"query-input":{"@type":"PropertyValueSpecification","valueRequired":true,"valueName":"search_term_string"}}],"inLanguage":"fr-FR"}]}},"_links":{"self":[{"href":"https:\/\/apaliceovalencia.com\/fr\/wp-json\/wp\/v2\/pages\/802","targetHints":{"allow":["GET"]}}],"collection":[{"href":"https:\/\/apaliceovalencia.com\/fr\/wp-json\/wp\/v2\/pages"}],"about":[{"href":"https:\/\/apaliceovalencia.com\/fr\/wp-json\/wp\/v2\/types\/page"}],"author":[{"embeddable":true,"href":"https:\/\/apaliceovalencia.com\/fr\/wp-json\/wp\/v2\/users\/1"}],"replies":[{"embeddable":true,"href":"https:\/\/apaliceovalencia.com\/fr\/wp-json\/wp\/v2\/comments?post=802"}],"version-history":[{"count":12,"href":"https:\/\/apaliceovalencia.com\/fr\/wp-json\/wp\/v2\/pages\/802\/revisions"}],"predecessor-version":[{"id":8319,"href":"https:\/\/apaliceovalencia.com\/fr\/wp-json\/wp\/v2\/pages\/802\/revisions\/8319"}],"wp:attachment":[{"href":"https:\/\/apaliceovalencia.com\/fr\/wp-json\/wp\/v2\/media?parent=802"}],"curies":[{"name":"wp","href":"https:\/\/api.w.org\/{rel}","templated":true}]}}