{"id":823,"date":"2022-06-20T16:59:31","date_gmt":"2022-06-20T16:59:31","guid":{"rendered":"https:\/\/apaliceovalencia.com\/formulario-oferta-socios-patrocinios\/"},"modified":"2022-07-13T23:53:19","modified_gmt":"2022-07-13T23:53:19","slug":"formulaire-doffre-partenaires-sponsorings","status":"publish","type":"page","link":"https:\/\/apaliceovalencia.com\/fr\/formulaire-doffre-partenaires-sponsorings\/","title":{"rendered":"Formulaire d&rsquo;offre pour les partenaires et sponsorings"},"content":{"rendered":"<p>Si votre entreprise est int\u00e9ress\u00e9e \u00e0 parrainer notre site Web ou \u00e0 proposer une offre sp\u00e9ciale \u00e0 nos partenaires, remplissez ce formulaire et nous vous contacterons.<\/p>\n","protected":false},"excerpt":{"rendered":"<p>Si votre entreprise est int\u00e9ress\u00e9e \u00e0 parrainer notre site Web ou \u00e0 proposer une offre sp\u00e9ciale \u00e0 nos partenaires, remplissez ce formulaire et nous vous contacterons.<\/p>\n","protected":false},"author":1,"featured_media":0,"parent":0,"menu_order":0,"comment_status":"closed","ping_status":"closed","template":"page_formulario-izquierda.php","meta":{"_acf_changed":false,"_et_pb_use_builder":"","_et_pb_old_content":"","_et_gb_content_width":"","footnotes":""},"class_list":["post-823","page","type-page","status-publish","hentry"],"acf":[],"yoast_head":"<!-- This site is optimized with the Yoast SEO plugin v27.1.1 - https:\/\/yoast.com\/product\/yoast-seo-wordpress\/ -->\n<title>Formulaire d&#039;offre pour les partenaires et sponsorings - APAE Liceo Franc\u00e9s Val\u00e8ncia<\/title>\n<meta name=\"robots\" content=\"index, follow, max-snippet:-1, max-image-preview:large, max-video-preview:-1\" \/>\n<link rel=\"canonical\" href=\"https:\/\/apaliceovalencia.com\/fr\/formulaire-doffre-partenaires-sponsorings\/\" \/>\n<meta property=\"og:locale\" content=\"fr_FR\" \/>\n<meta property=\"og:type\" content=\"article\" \/>\n<meta property=\"og:title\" content=\"Formulaire d&#039;offre pour les partenaires et sponsorings - APAE Liceo Franc\u00e9s Val\u00e8ncia\" \/>\n<meta property=\"og:description\" content=\"Si votre entreprise est int\u00e9ress\u00e9e \u00e0 parrainer notre site Web ou \u00e0 proposer une offre sp\u00e9ciale \u00e0 nos partenaires, remplissez ce formulaire et nous vous contacterons.\" \/>\n<meta property=\"og:url\" content=\"https:\/\/apaliceovalencia.com\/fr\/formulaire-doffre-partenaires-sponsorings\/\" \/>\n<meta property=\"og:site_name\" content=\"APAE Liceo Franc\u00e9s Val\u00e8ncia\" \/>\n<meta property=\"article:modified_time\" content=\"2022-07-13T23:53:19+00:00\" \/>\n<meta name=\"twitter:card\" content=\"summary_large_image\" \/>\n<script type=\"application\/ld+json\" class=\"yoast-schema-graph\">{\"@context\":\"https:\/\/schema.org\",\"@graph\":[{\"@type\":\"WebPage\",\"@id\":\"https:\/\/apaliceovalencia.com\/fr\/formulaire-doffre-partenaires-sponsorings\/\",\"url\":\"https:\/\/apaliceovalencia.com\/fr\/formulaire-doffre-partenaires-sponsorings\/\",\"name\":\"Formulaire d'offre pour les partenaires et sponsorings - APAE Liceo Franc\u00e9s Val\u00e8ncia\",\"isPartOf\":{\"@id\":\"https:\/\/apaliceovalencia.com\/fr\/#website\"},\"datePublished\":\"2022-06-20T16:59:31+00:00\",\"dateModified\":\"2022-07-13T23:53:19+00:00\",\"breadcrumb\":{\"@id\":\"https:\/\/apaliceovalencia.com\/fr\/formulaire-doffre-partenaires-sponsorings\/#breadcrumb\"},\"inLanguage\":\"fr-FR\",\"potentialAction\":[{\"@type\":\"ReadAction\",\"target\":[\"https:\/\/apaliceovalencia.com\/fr\/formulaire-doffre-partenaires-sponsorings\/\"]}]},{\"@type\":\"BreadcrumbList\",\"@id\":\"https:\/\/apaliceovalencia.com\/fr\/formulaire-doffre-partenaires-sponsorings\/#breadcrumb\",\"itemListElement\":[{\"@type\":\"ListItem\",\"position\":1,\"name\":\"Home\",\"item\":\"https:\/\/apaliceovalencia.com\/fr\/\"},{\"@type\":\"ListItem\",\"position\":2,\"name\":\"Formulaire d&#8217;offre pour les partenaires et sponsorings\"}]},{\"@type\":\"WebSite\",\"@id\":\"https:\/\/apaliceovalencia.com\/fr\/#website\",\"url\":\"https:\/\/apaliceovalencia.com\/fr\/\",\"name\":\"APAE Liceo Franc\u00e9s Val\u00e8ncia\",\"description\":\"Asocaci\u00f3n de padres de alumnos Lyc\u00e9e Fran\u00e7ais de Val\u00e8ncia\",\"potentialAction\":[{\"@type\":\"SearchAction\",\"target\":{\"@type\":\"EntryPoint\",\"urlTemplate\":\"https:\/\/apaliceovalencia.com\/fr\/?s={search_term_string}\"},\"query-input\":{\"@type\":\"PropertyValueSpecification\",\"valueRequired\":true,\"valueName\":\"search_term_string\"}}],\"inLanguage\":\"fr-FR\"}]}<\/script>\n<!-- \/ Yoast SEO plugin. -->","yoast_head_json":{"title":"Formulaire d'offre pour les partenaires et sponsorings - APAE Liceo Franc\u00e9s Val\u00e8ncia","robots":{"index":"index","follow":"follow","max-snippet":"max-snippet:-1","max-image-preview":"max-image-preview:large","max-video-preview":"max-video-preview:-1"},"canonical":"https:\/\/apaliceovalencia.com\/fr\/formulaire-doffre-partenaires-sponsorings\/","og_locale":"fr_FR","og_type":"article","og_title":"Formulaire d'offre pour les partenaires et sponsorings - APAE Liceo Franc\u00e9s Val\u00e8ncia","og_description":"Si votre entreprise est int\u00e9ress\u00e9e \u00e0 parrainer notre site Web ou \u00e0 proposer une offre sp\u00e9ciale \u00e0 nos partenaires, remplissez ce formulaire et nous vous contacterons.","og_url":"https:\/\/apaliceovalencia.com\/fr\/formulaire-doffre-partenaires-sponsorings\/","og_site_name":"APAE Liceo Franc\u00e9s Val\u00e8ncia","article_modified_time":"2022-07-13T23:53:19+00:00","twitter_card":"summary_large_image","schema":{"@context":"https:\/\/schema.org","@graph":[{"@type":"WebPage","@id":"https:\/\/apaliceovalencia.com\/fr\/formulaire-doffre-partenaires-sponsorings\/","url":"https:\/\/apaliceovalencia.com\/fr\/formulaire-doffre-partenaires-sponsorings\/","name":"Formulaire d'offre pour les partenaires et sponsorings - APAE Liceo Franc\u00e9s Val\u00e8ncia","isPartOf":{"@id":"https:\/\/apaliceovalencia.com\/fr\/#website"},"datePublished":"2022-06-20T16:59:31+00:00","dateModified":"2022-07-13T23:53:19+00:00","breadcrumb":{"@id":"https:\/\/apaliceovalencia.com\/fr\/formulaire-doffre-partenaires-sponsorings\/#breadcrumb"},"inLanguage":"fr-FR","potentialAction":[{"@type":"ReadAction","target":["https:\/\/apaliceovalencia.com\/fr\/formulaire-doffre-partenaires-sponsorings\/"]}]},{"@type":"BreadcrumbList","@id":"https:\/\/apaliceovalencia.com\/fr\/formulaire-doffre-partenaires-sponsorings\/#breadcrumb","itemListElement":[{"@type":"ListItem","position":1,"name":"Home","item":"https:\/\/apaliceovalencia.com\/fr\/"},{"@type":"ListItem","position":2,"name":"Formulaire d&#8217;offre pour les partenaires et sponsorings"}]},{"@type":"WebSite","@id":"https:\/\/apaliceovalencia.com\/fr\/#website","url":"https:\/\/apaliceovalencia.com\/fr\/","name":"APAE Liceo Franc\u00e9s Val\u00e8ncia","description":"Asocaci\u00f3n de padres de alumnos Lyc\u00e9e Fran\u00e7ais de Val\u00e8ncia","potentialAction":[{"@type":"SearchAction","target":{"@type":"EntryPoint","urlTemplate":"https:\/\/apaliceovalencia.com\/fr\/?s={search_term_string}"},"query-input":{"@type":"PropertyValueSpecification","valueRequired":true,"valueName":"search_term_string"}}],"inLanguage":"fr-FR"}]}},"_links":{"self":[{"href":"https:\/\/apaliceovalencia.com\/fr\/wp-json\/wp\/v2\/pages\/823","targetHints":{"allow":["GET"]}}],"collection":[{"href":"https:\/\/apaliceovalencia.com\/fr\/wp-json\/wp\/v2\/pages"}],"about":[{"href":"https:\/\/apaliceovalencia.com\/fr\/wp-json\/wp\/v2\/types\/page"}],"author":[{"embeddable":true,"href":"https:\/\/apaliceovalencia.com\/fr\/wp-json\/wp\/v2\/users\/1"}],"replies":[{"embeddable":true,"href":"https:\/\/apaliceovalencia.com\/fr\/wp-json\/wp\/v2\/comments?post=823"}],"version-history":[{"count":2,"href":"https:\/\/apaliceovalencia.com\/fr\/wp-json\/wp\/v2\/pages\/823\/revisions"}],"predecessor-version":[{"id":825,"href":"https:\/\/apaliceovalencia.com\/fr\/wp-json\/wp\/v2\/pages\/823\/revisions\/825"}],"wp:attachment":[{"href":"https:\/\/apaliceovalencia.com\/fr\/wp-json\/wp\/v2\/media?parent=823"}],"curies":[{"name":"wp","href":"https:\/\/api.w.org\/{rel}","templated":true}]}}